{"id":75,"date":"2016-02-12T10:19:57","date_gmt":"2016-02-12T10:19:57","guid":{"rendered":"http:\/\/houseampurdan.com\/?page_id=75"},"modified":"2021-07-29T11:53:25","modified_gmt":"2021-07-29T11:53:25","slug":"la-casa","status":"publish","type":"page","link":"https:\/\/houseampurdan.com\/en\/la-casa\/","title":{"rendered":"The house"},"content":{"rendered":"<p><strong>RESERVATIONS directly with owners : <\/strong><strong>(+34) 659837479<\/strong><\/p>\n\n<p><div class=\"row \"><div class=\"col-lg-4 col-md-4 col-xs-12 col-sm-12 hidden-xs\"><\/p>\n<h2>Caracter\u00edsticas<\/h2>\n<ul>\n<li>On a flat area, surrounded by meadows and flowery fields.<\/li>\n<li>Ideal for families and nature lovers.<\/li>\n<li>Close to the most beautiful virgin beaches in Costa Brava. Top-ranking diving area.<\/li>\n<\/ul>\n<h2>Servicios<\/h2>\n<ul>\n<li><strong>\u00c1rboles frutales<\/strong><\/li>\n<li><strong>Bicicletas<\/strong> para todas las edades<\/li>\n<li><strong>Barbacoa<\/strong> ibicenca exterior<\/li>\n<\/ul>\n<h2>\u00bfC\u00f3mo \u00e9s?<\/h2>\n<ul>\n<li>100 metros de vivienda y <strong>400 de jard\u00edn<\/strong><\/li>\n<li>Decoraci\u00f3n <strong>estilo ibicenco<\/strong><\/li>\n<li>3 Habitaciones :\n<ul>\n<li><strong>1<\/strong> cama <strong>matrimonio <\/strong>150 cm<\/li>\n<li><strong>2 dobles<\/strong> camas individuales de 90 cm<\/li>\n<\/ul>\n<\/li>\n<li><strong>Armarios<\/strong> empotrados en todas las habitaciones<\/li>\n<li>Todo <strong>exterior<\/strong><\/li>\n<li>Ventanas PVC<\/li>\n<li><strong>Amplio sal\u00f3n-comedor<\/strong> con chimenea<\/li>\n<li><strong>Cocina<\/strong> abierta totalmente equipada<\/li>\n<li>Lavadora, lavavajillas y peque\u00f1os electrodom\u00e9sticos.<\/li>\n<li>Despensa y menaje completo<\/li>\n<li><strong>2 ba\u00f1os completos<\/strong><\/li>\n<li><strong>Garaje<\/strong><\/li>\n<li><strong>Parking<\/strong> para 2 veh\u00edculos<\/li>\n<li><strong>Terraza sol\u00e1rium<\/strong><\/li>\n<li><strong>Calefacci\u00f3n<\/strong> en toda la casa<\/li>\n<li><strong>Aire acondicionado <\/strong>en zona de estar<\/li>\n<li>Amplia y bonita <strong>zona comunitaria<\/strong> con jardines, gran zona verde para jugar a la pelota y \u00e1reas para ni\u00f1os<\/li>\n<li><strong>3 piscinas<\/strong> en diferentes ambientes<\/li>\n<li>Jard\u00edn con <strong>c\u00e9sped<\/strong> rodeando la casa<\/li>\n<li>Porche con <strong>mobiliario de jard\u00edn<\/strong><\/li>\n<li>Junto a la <strong>zona deportiva del C<a href=\"http:\/\/www.cnestartit.es\/\">lub <\/a>N<\/strong><a href=\"http:\/\/www.cnestartit.es\/\"><b>\u00e1utico de L\u2019Estartit <\/b><\/a> muy cercana con \u00e1reas fitness, campo de f\u00fatbol, paddel, pistas de tenis y posibilidad de cursos y campus vacacional para ni\u00f1os, etc.<\/li>\n<li>Excelente <strong>supermercado<\/strong> \/ panader\u00eda\/ pasteler\u00eda, con famosa carnicer\u00eda de la zona y con todos los servicios completos y<strong> abierto 365 d\u00edas al a\u00f1o<\/strong> (se puede ir a pie sin necesidad de coger veh\u00edculo, aprox.150 mts.)<\/li>\n<li>Caminos de conexi\u00f3n desde la urbanizaci\u00f3n con las playas y Torroella para ir caminando o en bicicleta<\/li>\n<li>WIFI DISPONIBLE<\/li>\n<\/ul>\n<p><\/div><\/p>\n<div class=\"col-lg-8 col-md-8 col-xs-12 col-sm-12\">\n<p><\/div>\n<\/div><\/p>","protected":false},"excerpt":{"rendered":"<p>RESERVATIONS directly with owners : (+34) 659837479<\/p>\n","protected":false},"author":1,"featured_media":368,"parent":0,"menu_order":0,"comment_status":"closed","ping_status":"closed","template":"","meta":{"footnotes":""},"class_list":["post-75","page","type-page","status-publish","has-post-thumbnail","hentry"],"_links":{"self":[{"href":"https:\/\/houseampurdan.com\/en\/wp-json\/wp\/v2\/pages\/75","targetHints":{"allow":["GET"]}}],"collection":[{"href":"https:\/\/houseampurdan.com\/en\/wp-json\/wp\/v2\/pages"}],"about":[{"href":"https:\/\/houseampurdan.com\/en\/wp-json\/wp\/v2\/types\/page"}],"author":[{"embeddable":true,"href":"https:\/\/houseampurdan.com\/en\/wp-json\/wp\/v2\/users\/1"}],"replies":[{"embeddable":true,"href":"https:\/\/houseampurdan.com\/en\/wp-json\/wp\/v2\/comments?post=75"}],"version-history":[{"count":31,"href":"https:\/\/houseampurdan.com\/en\/wp-json\/wp\/v2\/pages\/75\/revisions"}],"predecessor-version":[{"id":437,"href":"https:\/\/houseampurdan.com\/en\/wp-json\/wp\/v2\/pages\/75\/revisions\/437"}],"wp:featuredmedia":[{"embeddable":true,"href":"https:\/\/houseampurdan.com\/en\/wp-json\/wp\/v2\/media\/368"}],"wp:attachment":[{"href":"https:\/\/houseampurdan.com\/en\/wp-json\/wp\/v2\/media?parent=75"}],"curies":[{"name":"wp","href":"https:\/\/api.w.org\/{rel}","templated":true}]}}