{"id":148,"date":"2016-02-12T13:56:23","date_gmt":"2016-02-12T13:56:23","guid":{"rendered":"http:\/\/houseampurdan.com\/?page_id=148"},"modified":"2016-02-18T15:48:15","modified_gmt":"2016-02-18T15:48:15","slug":"aviso-legal","status":"publish","type":"page","link":"https:\/\/houseampurdan.com\/fr\/aviso-legal\/","title":{"rendered":"(Espa\u00f1ol) Aviso Legal"},"content":{"rendered":"<p class=\"qtranxs-available-languages-message qtranxs-available-languages-message-fr\">D\u00e9sol\u00e9, cet article est seulement disponible en <a href=\"https:\/\/houseampurdan.com\/es\/wp-json\/wp\/v2\/pages\/148\" class=\"qtranxs-available-language-link qtranxs-available-language-link-es\" title=\"Espa\u00f1ol\">Espa\u00f1ol<\/a>.<\/p>","protected":false},"excerpt":{"rendered":"<p>D\u00e9sol\u00e9, cet article est seulement disponible en Espa\u00f1ol.<\/p>\n","protected":false},"author":1,"featured_media":0,"parent":0,"menu_order":0,"comment_status":"closed","ping_status":"closed","template":"","meta":{"footnotes":""},"class_list":["post-148","page","type-page","status-publish","hentry"],"_links":{"self":[{"href":"https:\/\/houseampurdan.com\/fr\/wp-json\/wp\/v2\/pages\/148","targetHints":{"allow":["GET"]}}],"collection":[{"href":"https:\/\/houseampurdan.com\/fr\/wp-json\/wp\/v2\/pages"}],"about":[{"href":"https:\/\/houseampurdan.com\/fr\/wp-json\/wp\/v2\/types\/page"}],"author":[{"embeddable":true,"href":"https:\/\/houseampurdan.com\/fr\/wp-json\/wp\/v2\/users\/1"}],"replies":[{"embeddable":true,"href":"https:\/\/houseampurdan.com\/fr\/wp-json\/wp\/v2\/comments?post=148"}],"version-history":[{"count":3,"href":"https:\/\/houseampurdan.com\/fr\/wp-json\/wp\/v2\/pages\/148\/revisions"}],"predecessor-version":[{"id":216,"href":"https:\/\/houseampurdan.com\/fr\/wp-json\/wp\/v2\/pages\/148\/revisions\/216"}],"wp:attachment":[{"href":"https:\/\/houseampurdan.com\/fr\/wp-json\/wp\/v2\/media?parent=148"}],"curies":[{"name":"wp","href":"https:\/\/api.w.org\/{rel}","templated":true}]}}