{"id":171,"date":"2016-02-15T08:48:11","date_gmt":"2016-02-15T08:48:11","guid":{"rendered":"http:\/\/houseampurdan.com\/?page_id=171"},"modified":"2021-07-29T11:21:42","modified_gmt":"2021-07-29T11:21:42","slug":"tarifas","status":"publish","type":"page","link":"https:\/\/houseampurdan.com\/fr\/tarifas\/","title":{"rendered":"Tarifs"},"content":{"rendered":"<p><\/p>\n<h1>Les tarifs varient selon la p\u00e9riode de l&#8217;ann\u00e9e et le nombre de jours de location.<\/h1>\n<h1><strong>R\u00c9SERVATIONS directement aupr\u00e8s des propri\u00e9taires<\/strong><\/h1>\n<h1><strong>+34) 659837479<\/strong><\/h1>\n<h1><a href=\"mailto:nuria@houseampurdan.com\">S&#8217;il vous pla\u00eet nous contacter et vous informer sans engagement nuria@houseampurdan.com<\/a><\/h1>\n<p><\/p>","protected":false},"excerpt":{"rendered":"<p>Les tarifs varient selon la p\u00e9riode de l&#8217;ann\u00e9e et le nombre de jours de location. R\u00c9SERVATIONS directement aupr\u00e8s des propri\u00e9taires +34) 659837479 S&#8217;il vous pla\u00eet nous contacter et vous informer [&hellip;]<\/p>\n","protected":false},"author":1,"featured_media":0,"parent":0,"menu_order":0,"comment_status":"closed","ping_status":"closed","template":"","meta":{"footnotes":""},"class_list":["post-171","page","type-page","status-publish","hentry"],"_links":{"self":[{"href":"https:\/\/houseampurdan.com\/fr\/wp-json\/wp\/v2\/pages\/171","targetHints":{"allow":["GET"]}}],"collection":[{"href":"https:\/\/houseampurdan.com\/fr\/wp-json\/wp\/v2\/pages"}],"about":[{"href":"https:\/\/houseampurdan.com\/fr\/wp-json\/wp\/v2\/types\/page"}],"author":[{"embeddable":true,"href":"https:\/\/houseampurdan.com\/fr\/wp-json\/wp\/v2\/users\/1"}],"replies":[{"embeddable":true,"href":"https:\/\/houseampurdan.com\/fr\/wp-json\/wp\/v2\/comments?post=171"}],"version-history":[{"count":17,"href":"https:\/\/houseampurdan.com\/fr\/wp-json\/wp\/v2\/pages\/171\/revisions"}],"predecessor-version":[{"id":434,"href":"https:\/\/houseampurdan.com\/fr\/wp-json\/wp\/v2\/pages\/171\/revisions\/434"}],"wp:attachment":[{"href":"https:\/\/houseampurdan.com\/fr\/wp-json\/wp\/v2\/media?parent=171"}],"curies":[{"name":"wp","href":"https:\/\/api.w.org\/{rel}","templated":true}]}}