{"id":236,"date":"2016-02-26T12:05:19","date_gmt":"2016-02-26T12:05:19","guid":{"rendered":"http:\/\/houseampurdan.com\/?page_id=236"},"modified":"2020-05-08T18:49:48","modified_gmt":"2020-05-08T18:49:48","slug":"francais-enlaces-de-interes","status":"publish","type":"page","link":"https:\/\/houseampurdan.com\/fr\/francais-enlaces-de-interes\/","title":{"rendered":"Liens d&#8217;int\u00e9r\u00eat"},"content":{"rendered":"<p>Et \u2026\u2026. une selection de lieux et activit\u00e9s que nous te recommanons<\/p>\n<ul>\n<li><a href=\"http:\/\/www.visitestartit.com\">D\u00e9couvre Torroella de Montgr\u00ed et L\u2019Estartit<\/a><\/li>\n<li><a href=\"http:\/\/www.visitestartit.com\/biblioteca\/items\/577\/VIU_LESTIU_2014_B.pdf\">Vive l\u2019\u00e9t\u00e8 a L\u2019Estartit<\/a><\/li>\n<li><a href=\"http:\/\/www.enestartit.com\">Activit\u00e9s dans la marine ressort<\/a><\/li>\n<li><a href=\"http:\/\/www.enestartit.com\/es\/actividades-estartit\">Prix des activit\u00e9s<\/a><\/li>\n<li><a href=\"http:\/\/www.visitestartit.com\/ca\/24\/Parc-Natural-html\">http:\/\/www.visitestartit.com\/ca\/24\/Parc-Natural-html<\/a><\/li>\n<li><a href=\"http:\/\/www.torroella-estartit.cat\">Marie de Torroella de Montgr\u00ed<\/a><\/li>\n<li><a href=\"http:\/\/www.nautilus.es\/parque-natural-del-montgri-las-medes-y-el-baix-ter\">Excursions en bateau<\/a><\/li>\n<li><a href=\"http:\/\/www20.gencat.cat\/portal\/site\/PalauRobert\/menuitem.3a97132b95fbcfb78417bfaeb0c0e1a0\/?vgnextoid=f37f97ee8dd23110VgnVCM1000000b0c1e0aRCRD&amp;idioma=ca_ES&amp;id=222&amp;newLang=es_ES\">Visite au ch\u00e2teau de Montgr\u00ed<\/a><\/li>\n<li><a href=\"http:\/\/ultraligeros.net\/\">A\u00e9roclub Sport aventure et Quads<\/a><\/li>\n<li><a href=\"http:\/\/www.gualta.com\/\">Terrain de Golf, le plus proche \u00e0 5 kilom\u00e8tres<\/a><\/li>\n<li><a href=\"http:\/\/hipicamaspaguina.com\/index.php\/es\/\">\u00c9quitation Club Nautic de L\u2019Estartit, des activit\u00e9s pour les enfant<\/a><\/li>\n<li><a href=\"http:\/\/kayakdelter.com\/es\/tramo-1\/\">Pour faire KAYAK<\/a><\/li>\n<li><a href=\"http:\/\/www.yumping.com\/tirolina\/parc-daventura-el-bosc-dels-impossibles--e19633119\">Tirolinas pour les petits et les grands<\/a><\/li>\n<li><a href=\"http:\/\/www.begurhome.es\/?page_id=92\">V\u00e9los patins (roulettes)<\/a><\/li>\n<li><a href=\"http:\/\/server22.speedcom.com\/nauticaestartitreservas\/\">Louer de bateaux<\/a><\/li>\n<\/ul>\n<h2><\/h2>\n<h2><\/h2>\n<h2>Suggestions:<\/h2>\n<ul>\n<li><a href=\"http:\/\/www.tripadvisor.es\/Restaurant_Review-g644327-d3576736-Reviews-Restaurante_Triton-Gualta_Province_of_Girona_Catalonia.html\">El Trit\u00f3n <\/a><\/li>\n<li><a href=\"http:\/\/www.tripadvisor.es\/Restaurant_Review-g644325-d4751491-Reviews-Restaurant_Hotel_Picasso-Torroella_de_Montgri_Costa_Brava_Province_of_Girona_Cata.html\">Picasso<\/a><\/li>\n<li><a href=\"http:\/\/www.tripadvisor.es\/Restaurant_Review-g644326-d2278656-Reviews-Restaurant_Les_Corones-L_Estartit_Costa_Brava_Province_of_Girona_Catalonia.html\">Les Corones\u00a0<\/a><\/li>\n<li><a href=\"http:\/\/www.tripadvisor.es\/Restaurant_Review-g644326-d1788539-Reviews-Restaurant_Robert-L_Estartit_Costa_Brava_Province_of_Girona_Catalonia.html\">Robert\u00a0<\/a><\/li>\n<li><a href=\"http:\/\/www.tripadvisor.es\/Restaurant_Review-g644326-d2470806-Reviews-La_Sal-L_Estartit_Costa_Brava_Province_of_Girona_Catalonia.htm\">La Sal<\/a><\/li>\n<li><a href=\"http:\/\/www.tripadvisor.es\/Restaurant_Review-g644326-d3364057-Reviews-Cal_Tet-L_Estartit_Costa_Brava_Province_of_Girona_Catalonia.html\">Cal Tet<\/a><\/li>\n<li><a href=\"http:\/\/www.restaurantsatorre.com\/es\/\">Sa Torre<\/a><\/li>\n<li><a href=\"http:\/\/www.tripadvisor.es\/Restaurant_Review-g609012-d986809-Reviews-Can_Bonay-Peratallada_Province_of_Girona_Catalonia.html\">Can Bonay<\/a><\/li>\n<li><a href=\"https:\/\/es-es.facebook.com\/lesteules\">Les Teules<\/a><\/li>\n<li><a href=\"https:\/\/www.facebook.com\/MasSorrerJazzbar\/timeline\">Mass Sorrer\/ Jazz Men<\/a><\/li>\n<\/ul>\n<h2><\/h2>\n<h2><\/h2>\n<h2>Repas \u00e0 emporter<\/h2>\n<p>Il y a des poulets r\u00f4tis et des macaronis, et d\u2019autres plats pr\u00e9par\u00e9s que vos enfants aimeront, pour sauver les repas, quand on va \u00e0 la plage et on n\u2019a pas envie de faire la cuisine.\u00a0T\u00e9l\u00e9phone 972 76 12 97 , sur la route d\u2019entr\u00e9e de Torroella de Montgr\u00ed<\/p>","protected":false},"excerpt":{"rendered":"<p>Et \u2026\u2026. une selection de lieux et activit\u00e9s que nous te recommanons D\u00e9couvre Torroella de Montgr\u00ed et L\u2019Estartit Vive l\u2019\u00e9t\u00e8 a L\u2019Estartit Activit\u00e9s dans la marine ressort Prix des activit\u00e9s [&hellip;]<\/p>\n","protected":false},"author":1,"featured_media":378,"parent":0,"menu_order":0,"comment_status":"closed","ping_status":"closed","template":"","meta":{"footnotes":""},"class_list":["post-236","page","type-page","status-publish","has-post-thumbnail","hentry"],"_links":{"self":[{"href":"https:\/\/houseampurdan.com\/fr\/wp-json\/wp\/v2\/pages\/236","targetHints":{"allow":["GET"]}}],"collection":[{"href":"https:\/\/houseampurdan.com\/fr\/wp-json\/wp\/v2\/pages"}],"about":[{"href":"https:\/\/houseampurdan.com\/fr\/wp-json\/wp\/v2\/types\/page"}],"author":[{"embeddable":true,"href":"https:\/\/houseampurdan.com\/fr\/wp-json\/wp\/v2\/users\/1"}],"replies":[{"embeddable":true,"href":"https:\/\/houseampurdan.com\/fr\/wp-json\/wp\/v2\/comments?post=236"}],"version-history":[{"count":10,"href":"https:\/\/houseampurdan.com\/fr\/wp-json\/wp\/v2\/pages\/236\/revisions"}],"predecessor-version":[{"id":381,"href":"https:\/\/houseampurdan.com\/fr\/wp-json\/wp\/v2\/pages\/236\/revisions\/381"}],"wp:featuredmedia":[{"embeddable":true,"href":"https:\/\/houseampurdan.com\/fr\/wp-json\/wp\/v2\/media\/378"}],"wp:attachment":[{"href":"https:\/\/houseampurdan.com\/fr\/wp-json\/wp\/v2\/media?parent=236"}],"curies":[{"name":"wp","href":"https:\/\/api.w.org\/{rel}","templated":true}]}}