{"id":75,"date":"2016-02-12T10:19:57","date_gmt":"2016-02-12T10:19:57","guid":{"rendered":"http:\/\/houseampurdan.com\/?page_id=75"},"modified":"2021-07-29T11:53:25","modified_gmt":"2021-07-29T11:53:25","slug":"la-casa","status":"publish","type":"page","link":"https:\/\/houseampurdan.com\/fr\/la-casa\/","title":{"rendered":"La maison"},"content":{"rendered":"<p>R\u00c9SERVATIONS directement aupr\u00e8s des propri\u00e9taires :<strong>(+34) 659837479<\/strong><\/p>\n<p>Une maison au coeur de L\u2019Ampord\u00e0. Situ\u00e9e dans l\u2019urbanisation Torre Grau \u00e0 Torroella de Montgr\u00ed, pr\u00e8s de \u00eeles Medas \u00e0 L\u2019Estarit<\/p>\n\n<p><div class=\"row \"><div class=\"col-lg-4 col-md-4 col-xs-12 col-sm-12 hidden-xs\"><\/p>\n<h2>Caract\u00e9ristiques<\/h2>\n<ul>\n<li>C\u2019est une zone plate, entoure\u00e9 de prairies et de champs fleur\u00e9s.<\/li>\n<li>Id\u00e9al pour les familles et les amoureux de la nature.<\/li>\n<li>Pr\u00e8s de plus belles plages verges de la C\u00f4te Brave. Zone qualifie comme tr\u00e8s interessante pour le submarinisme.<\/li>\n<\/ul>\n<h2>Services<\/h2>\n<ul>\n<li><strong>Des arbres fruitiers<\/strong><\/li>\n<li>Des v\u00e9los pour toutes les \u00e2ges<\/li>\n<li><strong>Barbecue<\/strong><\/li>\n<\/ul>\n<h2>Comment est elle?<\/h2>\n<ul>\n<li>100 m de maison et 400 de jardin<\/li>\n<li>D\u00e9coration style d\u2019Ibiza<\/li>\n<li>3 chambres:\n<ul>\n<li><strong>1<\/strong>\u00a0 lit de 150 cm<\/li>\n<li><strong>2 <\/strong>lits doubles individuelles de 90 cm<\/li>\n<\/ul>\n<\/li>\n<li>Dans toutes les chambres <strong>il<\/strong> y a des placards<\/li>\n<li>Toute la maison est <strong>ext\u00e9rieure<\/strong><\/li>\n<li>Fen\u00eatres <strong>PVC<\/strong><\/li>\n<li><strong>Une grande salle d\u00e9 s\u00e9jour <\/strong>avec une chemin\u00e9e<\/li>\n<li><strong>Cuisine<\/strong> ouverte (am\u00e9ricaine) complete<\/li>\n<li>Machine a laver, lavevasseille, et de petits electrodomestiques<\/li>\n<li>Garde-manger et m\u00e9nage complety<\/li>\n<li><strong>2 salles de bains completes avec toiletteos completos<\/strong><\/li>\n<li><strong>Garage pour deux voitures<\/strong><\/li>\n<li><strong>Chauffage dans <\/strong>toute la maison<\/li>\n<li><strong>Climatisation <\/strong>dans la salle de s\u00e9jour<\/li>\n<li><strong>Zone communaut\u00e9 avec des jardins<\/strong>, une grande zone verte pour jouer au ballon et des zones pour les enfants<\/li>\n<li><strong>3 piscines<\/strong><\/li>\n<li>Jardin avec de la <strong>pelouse<\/strong> entourant la maison<\/li>\n<li>Porche- Terrasse couverte avec des <strong>meubles de jardin<\/strong><\/li>\n<li><strong>Des arbres fruitiersfrutales<\/strong><\/li>\n<li><strong>Des velos pour toutes les \u00e2ges<\/strong><\/li>\n<li><strong>Barbacoa<\/strong><\/li>\n<li>Pr\u00e8s de la <strong>zone sportive du<\/strong> <strong>Club Nautique de l\u2019Estartit<\/strong> avec de fitness, terrain de football, padel, court de tennis, et posibilit\u00e9 de suivre des cours et des colonies d\u2019\u00e9t\u00e9 pour les enfants<\/li>\n<li>Un <strong>grand supermarch\u00e9\/boulangerie\/p\u00e2tisserie<\/strong>, avec une tr\u00e8s prestigieuse boucherie de la zone, et avec tous les services complets, ouvert toute l\u2019ann\u00e9e. (On peut y aller \u00e0 pied sans besoin de prendre la voiture, il est \u00e0 150 m. aprox.)<\/li>\n<li>Des chemins qui communiquent l\u2019urbanisation avec les plages et Torroella pour pouvoir aller \u00e0 pied ou en v\u00e9lo<\/li>\n<\/ul>\n<p><\/div><\/p>\n<div class=\"col-lg-8 col-md-8 col-xs-12 col-sm-12\">\n<p><\/div>\n<\/div><\/p>","protected":false},"excerpt":{"rendered":"<p>R\u00c9SERVATIONS directement aupr\u00e8s des propri\u00e9taires :(+34) 659837479 Une maison au coeur de L\u2019Ampord\u00e0. Situ\u00e9e dans l\u2019urbanisation Torre Grau \u00e0 Torroella de Montgr\u00ed, pr\u00e8s de \u00eeles Medas \u00e0 L\u2019Estarit<\/p>\n","protected":false},"author":1,"featured_media":368,"parent":0,"menu_order":0,"comment_status":"closed","ping_status":"closed","template":"","meta":{"footnotes":""},"class_list":["post-75","page","type-page","status-publish","has-post-thumbnail","hentry"],"_links":{"self":[{"href":"https:\/\/houseampurdan.com\/fr\/wp-json\/wp\/v2\/pages\/75","targetHints":{"allow":["GET"]}}],"collection":[{"href":"https:\/\/houseampurdan.com\/fr\/wp-json\/wp\/v2\/pages"}],"about":[{"href":"https:\/\/houseampurdan.com\/fr\/wp-json\/wp\/v2\/types\/page"}],"author":[{"embeddable":true,"href":"https:\/\/houseampurdan.com\/fr\/wp-json\/wp\/v2\/users\/1"}],"replies":[{"embeddable":true,"href":"https:\/\/houseampurdan.com\/fr\/wp-json\/wp\/v2\/comments?post=75"}],"version-history":[{"count":31,"href":"https:\/\/houseampurdan.com\/fr\/wp-json\/wp\/v2\/pages\/75\/revisions"}],"predecessor-version":[{"id":437,"href":"https:\/\/houseampurdan.com\/fr\/wp-json\/wp\/v2\/pages\/75\/revisions\/437"}],"wp:featuredmedia":[{"embeddable":true,"href":"https:\/\/houseampurdan.com\/fr\/wp-json\/wp\/v2\/media\/368"}],"wp:attachment":[{"href":"https:\/\/houseampurdan.com\/fr\/wp-json\/wp\/v2\/media?parent=75"}],"curies":[{"name":"wp","href":"https:\/\/api.w.org\/{rel}","templated":true}]}}