{"id":82,"date":"2016-02-12T10:32:59","date_gmt":"2016-02-12T10:32:59","guid":{"rendered":"http:\/\/houseampurdan.com\/?page_id=82"},"modified":"2021-07-29T11:33:53","modified_gmt":"2021-07-29T11:33:53","slug":"entorno","status":"publish","type":"page","link":"https:\/\/houseampurdan.com\/fr\/entorno\/","title":{"rendered":"Environnement"},"content":{"rendered":"<p>Tout ce qu\u2019il est n\u00e9cessaire pour jouir en famille d\u2019une des zones plus compl\u00e8tes et jolies de la C\u00f4te Brave catalane.<\/p>\n<div class=\"row \"><div class=\"col-lg-4 col-md-4 col-xs-12 col-sm-12 hidden-xs\"><\/p>\n<ul>\n<li>3 km. de la reserve marine des \u00celes Medes<\/li>\n<li>3 km.\u00a0 Plage\u00a0 and port sportive l\u2019Estartit<\/li>\n<li>5 km. des Aiguamolls dans la jolie embouchure de la rivi\u00e8re Ter<\/li>\n<li>3 km. du Club de Golf Ampord\u00e0 avec un terrain de 36 trous<\/li>\n<li>17 km. de Fla\u00e7a (gare de train \u00e0 Barcelona et Girona)<\/li>\n<li>36 km. de Figueres (Mus\u00e9e Dal\u00ed)<\/li>\n<li>37 km. de l\u2019a\u00e9roport de Girona- Costa Brava<\/li>\n<li>43 km. de Rosas<\/li>\n<li>96 km. de Perpignan, France<\/li>\n<li>140 km. de Barcelona<\/li>\n<li>150 km. de pistes de ski de La Molina<\/li>\n<li>240 kms d\u2019Andorra<\/li>\n<\/ul>\n<p><\/div>\n<div class=\"col-lg-8 col-md-8 col-xs-12 col-sm-12 hidden-xs\">\n<iframe loading=\"lazy\" src=\"\/\/www.youtube.com\/embed\/t7qyaa7fjPQ\" width=\"640\" height=\"360\" frameborder=\"0\" allowfullscreen=\"allowfullscreen\"><\/iframe><\/div>\n<\/div>\n<p>Pr\u00e8s des plus belles plages de la Costa Brava<br \/>\nOn peut y faire emploi libre des v\u00e9los des diff\u00e9rents taille (adults et enfants) pour se promener par les beaux et calmes chemins de l\u2019Ampord\u00e0<br \/>\nCette jolie maison se trouve dans le coeur du \u201cTriangle d\u2019Or\u201d du Baix-Ampord\u00e0, seulement \u00e0 15 km. de la C\u00f4te Brave, \u00e0 25 minutes de la ville de Girona et son a\u00e9roport international et \u00e0 1,30 heures de la vibrant ville de Barcelona<\/p>\n<div><\/div>\n<p><\/p>","protected":false},"excerpt":{"rendered":"<p>Tout ce qu\u2019il est n\u00e9cessaire pour jouir en famille d\u2019une des zones plus compl\u00e8tes et jolies de la C\u00f4te Brave catalane. Pr\u00e8s des plus belles plages de la Costa Brava [&hellip;]<\/p>\n","protected":false},"author":1,"featured_media":366,"parent":0,"menu_order":0,"comment_status":"closed","ping_status":"closed","template":"","meta":{"footnotes":""},"class_list":["post-82","page","type-page","status-publish","has-post-thumbnail","hentry"],"_links":{"self":[{"href":"https:\/\/houseampurdan.com\/fr\/wp-json\/wp\/v2\/pages\/82","targetHints":{"allow":["GET"]}}],"collection":[{"href":"https:\/\/houseampurdan.com\/fr\/wp-json\/wp\/v2\/pages"}],"about":[{"href":"https:\/\/houseampurdan.com\/fr\/wp-json\/wp\/v2\/types\/page"}],"author":[{"embeddable":true,"href":"https:\/\/houseampurdan.com\/fr\/wp-json\/wp\/v2\/users\/1"}],"replies":[{"embeddable":true,"href":"https:\/\/houseampurdan.com\/fr\/wp-json\/wp\/v2\/comments?post=82"}],"version-history":[{"count":17,"href":"https:\/\/houseampurdan.com\/fr\/wp-json\/wp\/v2\/pages\/82\/revisions"}],"predecessor-version":[{"id":440,"href":"https:\/\/houseampurdan.com\/fr\/wp-json\/wp\/v2\/pages\/82\/revisions\/440"}],"wp:featuredmedia":[{"embeddable":true,"href":"https:\/\/houseampurdan.com\/fr\/wp-json\/wp\/v2\/media\/366"}],"wp:attachment":[{"href":"https:\/\/houseampurdan.com\/fr\/wp-json\/wp\/v2\/media?parent=82"}],"curies":[{"name":"wp","href":"https:\/\/api.w.org\/{rel}","templated":true}]}}