{"id":97,"date":"2016-02-12T11:02:14","date_gmt":"2016-02-12T11:02:14","guid":{"rendered":"http:\/\/houseampurdan.com\/?page_id=97"},"modified":"2016-02-18T15:41:06","modified_gmt":"2016-02-18T15:41:06","slug":"cuidamos-los-detalles","status":"publish","type":"page","link":"https:\/\/houseampurdan.com\/fr\/cuidamos-los-detalles\/","title":{"rendered":"Nous prenons soin des d\u00e9tails"},"content":{"rendered":"<p>Nous voulons que votre s\u00e9jour soyez parfait, c&#8217;est pr\u00e9cisement pour \u00e7a que nous prenons soin de touts les d\u00e9tails a fin de que vous avez juste \u00e0 en profiter de chaque instant de vos vacances.<\/p>","protected":false},"excerpt":{"rendered":"<p>Nous voulons que votre s\u00e9jour soyez parfait, c&#8217;est pr\u00e9cisement pour \u00e7a que nous prenons soin de touts les d\u00e9tails a fin de que vous avez juste \u00e0 en profiter de [&hellip;]<\/p>\n","protected":false},"author":1,"featured_media":0,"parent":0,"menu_order":0,"comment_status":"closed","ping_status":"closed","template":"","meta":{"footnotes":""},"class_list":["post-97","page","type-page","status-publish","hentry"],"_links":{"self":[{"href":"https:\/\/houseampurdan.com\/fr\/wp-json\/wp\/v2\/pages\/97","targetHints":{"allow":["GET"]}}],"collection":[{"href":"https:\/\/houseampurdan.com\/fr\/wp-json\/wp\/v2\/pages"}],"about":[{"href":"https:\/\/houseampurdan.com\/fr\/wp-json\/wp\/v2\/types\/page"}],"author":[{"embeddable":true,"href":"https:\/\/houseampurdan.com\/fr\/wp-json\/wp\/v2\/users\/1"}],"replies":[{"embeddable":true,"href":"https:\/\/houseampurdan.com\/fr\/wp-json\/wp\/v2\/comments?post=97"}],"version-history":[{"count":2,"href":"https:\/\/houseampurdan.com\/fr\/wp-json\/wp\/v2\/pages\/97\/revisions"}],"predecessor-version":[{"id":212,"href":"https:\/\/houseampurdan.com\/fr\/wp-json\/wp\/v2\/pages\/97\/revisions\/212"}],"wp:attachment":[{"href":"https:\/\/houseampurdan.com\/fr\/wp-json\/wp\/v2\/media?parent=97"}],"curies":[{"name":"wp","href":"https:\/\/api.w.org\/{rel}","templated":true}]}}